{"id":2483,"date":"2024-01-13T10:52:08","date_gmt":"2024-01-13T08:52:08","guid":{"rendered":"https:\/\/losvika.com\/?page_id=2483"},"modified":"2024-01-13T10:52:08","modified_gmt":"2024-01-13T08:52:08","slug":"ajankohtaista","status":"publish","type":"page","link":"https:\/\/losvika.com\/fi\/meista\/ajankohtaista\/","title":{"rendered":"Ajankohtaista"},"content":{"rendered":"<div class='flex_column av-av_one_full-7714eba142aeda1f8b5272a3c372b279 av_one_full  avia-builder-el-0  avia-builder-el-no-sibling  first flex_column_div '     ><p>\n<style type=\"text\/css\" data-created_by=\"avia_inline_auto\" id=\"style-css-av-av_heading-ec08b4a07b5c383b429bfda2e5e76fa9\">\n#top .av-special-heading.av-av_heading-ec08b4a07b5c383b429bfda2e5e76fa9{\npadding-bottom:25px;\nfont-size:34px;\n}\nbody .av-special-heading.av-av_heading-ec08b4a07b5c383b429bfda2e5e76fa9 .av-special-heading-tag .heading-char{\nfont-size:25px;\n}\n#top #wrap_all .av-special-heading.av-av_heading-ec08b4a07b5c383b429bfda2e5e76fa9 .av-special-heading-tag{\nfont-size:34px;\n}\n.av-special-heading.av-av_heading-ec08b4a07b5c383b429bfda2e5e76fa9 .av-subheading{\nfont-size:15px;\n}\n\n@media only screen and (min-width: 480px) and (max-width: 767px){ \n#top #wrap_all .av-special-heading.av-av_heading-ec08b4a07b5c383b429bfda2e5e76fa9 .av-special-heading-tag{\nfont-size:0.8em;\n}\n}\n\n@media only screen and (max-width: 479px){ \n#top #wrap_all .av-special-heading.av-av_heading-ec08b4a07b5c383b429bfda2e5e76fa9 .av-special-heading-tag{\nfont-size:0.8em;\n}\n}\n<\/style>\n<div  class='av-special-heading av-av_heading-ec08b4a07b5c383b429bfda2e5e76fa9 av-special-heading-h3 custom-color-heading blockquote modern-quote  avia-builder-el-1  el_before_av_masonry_entries  avia-builder-el-no-sibling  av-inherit-size'><h3 class='av-special-heading-tag'  itemprop=\"headline\"  >Ajankohtaista<\/h3><div class=\"special-heading-border\"><div class=\"special-heading-inner-border\"><\/div><\/div><\/div><br \/>\n<div id='av-masonry-1' class='av-masonry av-av_masonry_entries-27022cd477b9da4e70325959ed5bfd6b noHover av-fixed-size av-1px-gap av-hover-overlay-active av-masonry-animation-active av-masonry-col-flexible av-caption-always av-caption-style-overlay av-masonry-entries '><div class=\"av-masonry-container isotope av-js-disabled\"><div class='av-masonry-entry isotope-item av-masonry-item-no-image all_sort ajankohtaista_sort  ajankohtaista-etusivu_sort  info-fi_sort '><\/div><a href=\"https:\/\/losvika.com\/fi\/info\/silmalaakari-miia-rantala-uusikaarlepyyn-klinikalla-21-5-2026\/\"  id='av-masonry-1-item-3793' data-av-masonry-item='3793' class='av-masonry-entry isotope-item post-3793 portfolio type-portfolio status-publish has-post-thumbnail hentry portfolio_entries-ajankohtaista portfolio_entries-ajankohtaista-etusivu portfolio_entries-info-fi all_sort ajankohtaista_sort  ajankohtaista-etusivu_sort  info-fi_sort  av-masonry-item-with-image' title=\"O\u0308gonla\u0308karmottagning Silma\u0308la\u0308a\u0308ka\u0308rinvastaanotto\"   itemscope=\"itemscope\" itemtype=\"https:\/\/schema.org\/CreativeWork\" ><div class='av-inner-masonry-sizer'><\/div><figure class='av-inner-masonry main_color'><div class=\"av-masonry-outerimage-container\"><div class='av-masonry-image-container' style=\"background-image: url(https:\/\/losvika.com\/wp-content\/uploads\/2026\/04\/Ogonlakarmottagning-Silmalaakarinvastaanotto-705x705.jpg);\"  title=\"O\u0308gonla\u0308karmottagning Silma\u0308la\u0308a\u0308ka\u0308rinvastaanotto\"  ><\/div><\/div><figcaption class='av-inner-masonry-content site-background'><div class='av-inner-masonry-content-pos'><div class='av-inner-masonry-content-pos-content'><div class='avia-arrow'><\/div><h3 class='av-masonry-entry-title entry-title '  itemprop=\"headline\" >Silm\u00e4l\u00e4\u00e4k\u00e4ri Miia Rantala Uusikaarlepyyn klinikalla 21.5.2026<\/h3><\/div><\/div><\/figcaption><\/figure><\/a><!--end av-masonry entry--><a href=\"https:\/\/losvika.com\/fi\/info\/ortopedipaiva-13-4\/\"  id='av-masonry-1-item-3784' data-av-masonry-item='3784' class='av-masonry-entry isotope-item post-3784 portfolio type-portfolio status-publish has-post-thumbnail hentry portfolio_entries-ajankohtaista portfolio_entries-ajankohtaista-etusivu portfolio_entries-info-fi all_sort ajankohtaista_sort  ajankohtaista-etusivu_sort  info-fi_sort  av-masonry-item-with-image' title=\"Polvileikkaukset Losvikalla. Yhteistyo\u0308ssa\u0308 Ortopedi Jarmo Rintasalon kanssa! Seuraava ajankohta 30.9 Varaus sa\u0308hko\u0308postitse (info@losvika.com) tai puhelimitse 067220800 (9)\"   itemscope=\"itemscope\" itemtype=\"https:\/\/schema.org\/CreativeWork\" ><div class='av-inner-masonry-sizer'><\/div><figure class='av-inner-masonry main_color'><div class=\"av-masonry-outerimage-container\"><div class='av-masonry-image-container' style=\"background-image: url(https:\/\/losvika.com\/wp-content\/uploads\/2026\/04\/Polvileikkaukset-Losvikalla.-Yhteistyossa-Ortopedi-Jarmo-Rintasalon-kanssa-Seuraava-ajankohta-30.9-Varaus-sahkopostitse-info@losvika.com-tai-puhelimitse-067220800-9-705x705.png);\"  title=\"Polvileikkaukset Losvikalla. Yhteistyo\u0308ssa\u0308 Ortopedi Jarmo Rintasalon kanssa! Seuraava ajankohta 30.9 Varaus sa\u0308hko\u0308postitse (info@losvika.com) tai puhelimitse 067220800 (9)\"  ><\/div><\/div><figcaption class='av-inner-masonry-content site-background'><div class='av-inner-masonry-content-pos'><div class='av-inner-masonry-content-pos-content'><div class='avia-arrow'><\/div><h3 class='av-masonry-entry-title entry-title '  itemprop=\"headline\" >Ortopedip\u00e4iv\u00e4 13.4<\/h3><\/div><\/div><\/figcaption><\/figure><\/a><!--end av-masonry entry--><a href=\"https:\/\/losvika.com\/fi\/info\/poikkeavat-aukioloajat-huhtikuu\/\"  id='av-masonry-1-item-3760' data-av-masonry-item='3760' class='av-masonry-entry isotope-item post-3760 portfolio type-portfolio status-publish has-post-thumbnail hentry portfolio_entries-ajankohtaista portfolio_entries-info-fi all_sort ajankohtaista_sort  info-fi_sort  av-masonry-item-with-image' title=\"3\"   itemscope=\"itemscope\" itemtype=\"https:\/\/schema.org\/CreativeWork\" ><div class='av-inner-masonry-sizer'><\/div><figure class='av-inner-masonry main_color'><div class=\"av-masonry-outerimage-container\"><div class='av-masonry-image-container' style=\"background-image: url(https:\/\/losvika.com\/wp-content\/uploads\/2026\/04\/3-705x705.png);\"  title=\"3\"  ><\/div><\/div><figcaption class='av-inner-masonry-content site-background'><div class='av-inner-masonry-content-pos'><div class='av-inner-masonry-content-pos-content'><div class='avia-arrow'><\/div><h3 class='av-masonry-entry-title entry-title '  itemprop=\"headline\" >Poikkeavat aukioloajat huhtikuu<\/h3><\/div><\/div><\/figcaption><\/figure><\/a><!--end av-masonry entry--><a href=\"https:\/\/losvika.com\/fi\/info\/rekrytoimme-klinikkaelainhoitajaa\/\"  id='av-masonry-1-item-3727' data-av-masonry-item='3727' class='av-masonry-entry isotope-item post-3727 portfolio type-portfolio status-publish has-post-thumbnail hentry portfolio_entries-ajankohtaista portfolio_entries-ajankohtaista-etusivu portfolio_entries-info-fi all_sort ajankohtaista_sort  ajankohtaista-etusivu_sort  info-fi_sort  av-masonry-item-with-image' title=\"DSC03447\"   itemscope=\"itemscope\" itemtype=\"https:\/\/schema.org\/CreativeWork\" ><div class='av-inner-masonry-sizer'><\/div><figure class='av-inner-masonry main_color'><div class=\"av-masonry-outerimage-container\"><div class='av-masonry-image-container' style=\"background-image: url(https:\/\/losvika.com\/wp-content\/uploads\/2026\/03\/DSC03447-470x705.jpg);\"  title=\"DSC03447\"  ><\/div><\/div><figcaption class='av-inner-masonry-content site-background'><div class='av-inner-masonry-content-pos'><div class='av-inner-masonry-content-pos-content'><div class='avia-arrow'><\/div><h3 class='av-masonry-entry-title entry-title '  itemprop=\"headline\" >REKRYTOIMME Klinikkael\u00e4inhoitajaa<\/h3><\/div><\/div><\/figcaption><\/figure><\/a><!--end av-masonry entry--><a href=\"https:\/\/losvika.com\/fi\/info\/3461\/\"  id='av-masonry-1-item-3461' data-av-masonry-item='3461' class='av-masonry-entry isotope-item post-3461 portfolio type-portfolio status-publish has-post-thumbnail hentry portfolio_entries-ajankohtaista portfolio_entries-ajankohtaista-etusivu portfolio_entries-info-fi all_sort ajankohtaista_sort  ajankohtaista-etusivu_sort  info-fi_sort  av-masonry-item-with-image' title=\"Polvileikkaukset Losvikalla. Yhteistyo\u0308ssa\u0308 Ortopedi Jarmo Rintasalon kanssa! Seuraava ajankohta 30.9 Varaus sa\u0308hko\u0308postitse (info@losvika.com) tai puhelimitse 067220800 (8)\"   itemscope=\"itemscope\" itemtype=\"https:\/\/schema.org\/CreativeWork\" ><div class='av-inner-masonry-sizer'><\/div><figure class='av-inner-masonry main_color'><div class=\"av-masonry-outerimage-container\"><div class='av-masonry-image-container' style=\"background-image: url(https:\/\/losvika.com\/wp-content\/uploads\/2026\/01\/Polvileikkaukset-Losvikalla.-Yhteistyossa-Ortopedi-Jarmo-Rintasalon-kanssa-Seuraava-ajankohta-30.9-Varaus-sahkopostitse-info@losvika.com-tai-puhelimitse-067220800-8-705x705.png);\"  title=\"Polvileikkaukset Losvikalla. Yhteistyo\u0308ssa\u0308 Ortopedi Jarmo Rintasalon kanssa! Seuraava ajankohta 30.9 Varaus sa\u0308hko\u0308postitse (info@losvika.com) tai puhelimitse 067220800 (8)\"  ><\/div><\/div><figcaption class='av-inner-masonry-content site-background'><div class='av-inner-masonry-content-pos'><div class='av-inner-masonry-content-pos-content'><div class='avia-arrow'><\/div><h3 class='av-masonry-entry-title entry-title '  itemprop=\"headline\" >Ortopedip\u00e4iv\u00e4 24.3<\/h3><\/div><\/div><\/figcaption><\/figure><\/a><!--end av-masonry entry--><a href=\"https:\/\/losvika.com\/fi\/info\/vuosikatsaus-2025\/\"  id='av-masonry-1-item-3417' data-av-masonry-item='3417' class='av-masonry-entry isotope-item post-3417 portfolio type-portfolio status-publish has-post-thumbnail hentry portfolio_entries-ajankohtaista portfolio_entries-info-fi all_sort ajankohtaista_sort  info-fi_sort  av-masonry-item-with-image' title=\"D9DF4C6B-C04A-4854-AB1E-9D520F2AFDA1_1_201_a\"   itemscope=\"itemscope\" itemtype=\"https:\/\/schema.org\/CreativeWork\" ><div class='av-inner-masonry-sizer'><\/div><figure class='av-inner-masonry main_color'><div class=\"av-masonry-outerimage-container\"><div class='av-masonry-image-container' style=\"background-image: url(https:\/\/losvika.com\/wp-content\/uploads\/2026\/01\/D9DF4C6B-C04A-4854-AB1E-9D520F2AFDA1_1_201_a-519x705.jpeg);\"  title=\"D9DF4C6B-C04A-4854-AB1E-9D520F2AFDA1_1_201_a\"  ><\/div><\/div><figcaption class='av-inner-masonry-content site-background'><div class='av-inner-masonry-content-pos'><div class='av-inner-masonry-content-pos-content'><div class='avia-arrow'><\/div><h3 class='av-masonry-entry-title entry-title '  itemprop=\"headline\" >Vuosikatsaus 2025<\/h3><\/div><\/div><\/figcaption><\/figure><\/a><!--end av-masonry entry--><a href=\"https:\/\/losvika.com\/fi\/info\/3400\/\"  id='av-masonry-1-item-3400' data-av-masonry-item='3400' class='av-masonry-entry isotope-item post-3400 portfolio type-portfolio status-publish has-post-thumbnail hentry portfolio_entries-ajankohtaista portfolio_entries-ajankohtaista-etusivu portfolio_entries-info-fi all_sort ajankohtaista_sort  ajankohtaista-etusivu_sort  info-fi_sort  av-masonry-item-with-image' title=\"Onko koirasi paukkuarka A\u0308r din hund skottra\u0308dd\"   itemscope=\"itemscope\" itemtype=\"https:\/\/schema.org\/CreativeWork\" ><div class='av-inner-masonry-sizer'><\/div><figure class='av-inner-masonry main_color'><div class=\"av-masonry-outerimage-container\"><div class='av-masonry-image-container' style=\"background-image: url(https:\/\/losvika.com\/wp-content\/uploads\/2025\/12\/Onko-koirasi-paukkuarka-Ar-din-hund-skottradd-705x705.png);\"  title=\"Onko koirasi paukkuarka A\u0308r din hund skottra\u0308dd\"  ><\/div><\/div><figcaption class='av-inner-masonry-content site-background'><div class='av-inner-masonry-content-pos'><div class='av-inner-masonry-content-pos-content'><div class='avia-arrow'><\/div><h3 class='av-masonry-entry-title entry-title '  itemprop=\"headline\" >Onko koirasi paukkuarka?<\/h3><\/div><\/div><\/figcaption><\/figure><\/a><!--end av-masonry entry--><a href=\"https:\/\/losvika.com\/fi\/info\/konsultationsnummer-0600-16700\/\"  id='av-masonry-1-item-3259' data-av-masonry-item='3259' class='av-masonry-entry isotope-item post-3259 portfolio type-portfolio status-publish has-post-thumbnail hentry portfolio_entries-ajankohtaista portfolio_entries-ajankohtaista-etusivu portfolio_entries-info-fi all_sort ajankohtaista_sort  ajankohtaista-etusivu_sort  info-fi_sort  av-masonry-item-with-image' title=\"2\"   itemscope=\"itemscope\" itemtype=\"https:\/\/schema.org\/CreativeWork\" ><div class='av-inner-masonry-sizer'><\/div><figure class='av-inner-masonry main_color'><div class=\"av-masonry-outerimage-container\"><div class='av-masonry-image-container' style=\"background-image: url(https:\/\/losvika.com\/wp-content\/uploads\/2025\/09\/2-705x705.png);\"  title=\"2\"  ><\/div><\/div><figcaption class='av-inner-masonry-content site-background'><div class='av-inner-masonry-content-pos'><div class='av-inner-masonry-content-pos-content'><div class='avia-arrow'><\/div><h3 class='av-masonry-entry-title entry-title '  itemprop=\"headline\" >Konsultaationumero 0600-16700<\/h3><\/div><\/div><\/figcaption><\/figure><\/a><!--end av-masonry entry--><a href=\"https:\/\/losvika.com\/fi\/info\/25-9-silmalaakari-miia-rantala-uusikaarlepyyn-klinikalla\/\"  id='av-masonry-1-item-3222' data-av-masonry-item='3222' class='av-masonry-entry isotope-item post-3222 portfolio type-portfolio status-publish has-post-thumbnail hentry portfolio_entries-ajankohtaista portfolio_entries-ajankohtaista-etusivu portfolio_entries-info-fi all_sort ajankohtaista_sort  ajankohtaista-etusivu_sort  info-fi_sort  av-masonry-item-with-image' title=\"O\u0308gonla\u0308karmottagning Silma\u0308la\u0308a\u0308ka\u0308rinvastaanotto (2)\"   itemscope=\"itemscope\" itemtype=\"https:\/\/schema.org\/CreativeWork\" ><div class='av-inner-masonry-sizer'><\/div><figure class='av-inner-masonry main_color'><div class=\"av-masonry-outerimage-container\"><div class='av-masonry-image-container' style=\"background-image: url(https:\/\/losvika.com\/wp-content\/uploads\/2025\/09\/Ogonlakarmottagning-Silmalaakarinvastaanotto-2-705x705.png);\"  title=\"O\u0308gonla\u0308karmottagning Silma\u0308la\u0308a\u0308ka\u0308rinvastaanotto (2)\"  ><\/div><\/div><figcaption class='av-inner-masonry-content site-background'><div class='av-inner-masonry-content-pos'><div class='av-inner-masonry-content-pos-content'><div class='avia-arrow'><\/div><h3 class='av-masonry-entry-title entry-title '  itemprop=\"headline\" >5.2.2026 Silm\u00e4l\u00e4\u00e4k\u00e4ri Miia Rantala Uusikaarlepyyn klinikalla<\/h3><\/div><\/div><\/figcaption><\/figure><\/a><!--end av-masonry entry--><a href=\"https:\/\/losvika.com\/fi\/info\/uutisianettiajanvarauksessa\/\"  id='av-masonry-1-item-2894' data-av-masonry-item='2894' class='av-masonry-entry isotope-item post-2894 portfolio type-portfolio status-publish has-post-thumbnail hentry portfolio_entries-ajankohtaista portfolio_entries-ajankohtaista-etusivu portfolio_entries-info-fi all_sort ajankohtaista_sort  ajankohtaista-etusivu_sort  info-fi_sort  av-masonry-item-with-image' title=\"Lo\u0308ptid dra\u0308ktighet\"   itemscope=\"itemscope\" itemtype=\"https:\/\/schema.org\/CreativeWork\" ><div class='av-inner-masonry-sizer'><\/div><figure class='av-inner-masonry main_color'><div class=\"av-masonry-outerimage-container\"><div class='av-masonry-image-container' style=\"background-image: url(https:\/\/losvika.com\/wp-content\/uploads\/2022\/12\/Loptid-draktighet-705x470.jpg);\"  title=\"Lo\u0308ptid dra\u0308ktighet\"  ><\/div><\/div><figcaption class='av-inner-masonry-content site-background'><div class='av-inner-masonry-content-pos'><div class='av-inner-masonry-content-pos-content'><div class='avia-arrow'><\/div><h3 class='av-masonry-entry-title entry-title '  itemprop=\"headline\" >Uutisia nettiajanvarauksessa!<\/h3><\/div><\/div><\/figcaption><\/figure><\/a><!--end av-masonry entry--><a href=\"https:\/\/losvika.com\/fi\/info\/vuosikatsaus\/\"  id='av-masonry-1-item-2850' data-av-masonry-item='2850' class='av-masonry-entry isotope-item post-2850 portfolio type-portfolio status-publish has-post-thumbnail hentry portfolio_entries-ajankohtaista portfolio_entries-ajankohtaista-etusivu portfolio_entries-info-fi all_sort ajankohtaista_sort  ajankohtaista-etusivu_sort  info-fi_sort  av-masonry-item-with-image' title=\"Namnlo\u0308s design (12)\"   itemscope=\"itemscope\" itemtype=\"https:\/\/schema.org\/CreativeWork\" ><div class='av-inner-masonry-sizer'><\/div><figure class='av-inner-masonry main_color'><div class=\"av-masonry-outerimage-container\"><div class='av-masonry-image-container' style=\"background-image: url(https:\/\/losvika.com\/wp-content\/uploads\/2024\/12\/Namnlos-design-12-705x705.png);\"  title=\"Namnlo\u0308s design (12)\"  ><\/div><\/div><figcaption class='av-inner-masonry-content site-background'><div class='av-inner-masonry-content-pos'><div class='av-inner-masonry-content-pos-content'><div class='avia-arrow'><\/div><h3 class='av-masonry-entry-title entry-title '  itemprop=\"headline\" >Vuosikatsaus<\/h3><\/div><\/div><\/figcaption><\/figure><\/a><!--end av-masonry entry--><a href=\"https:\/\/losvika.com\/fi\/info\/ethan-jata-koiraa-yksin-lampimaan-autoon-kuumana-kesapaivana\/\"  id='av-masonry-1-item-2724' data-av-masonry-item='2724' class='av-masonry-entry isotope-item post-2724 portfolio type-portfolio status-publish has-post-thumbnail hentry portfolio_entries-ajankohtaista portfolio_entries-ajankohtaista-etusivu portfolio_entries-info-fi all_sort ajankohtaista_sort  ajankohtaista-etusivu_sort  info-fi_sort  av-masonry-item-with-image' title=\"Losvika\"   itemscope=\"itemscope\" itemtype=\"https:\/\/schema.org\/CreativeWork\" ><div class='av-inner-masonry-sizer'><\/div><figure class='av-inner-masonry main_color'><div class=\"av-masonry-outerimage-container\"><div class='av-masonry-image-container' style=\"background-image: url(https:\/\/losvika.com\/wp-content\/uploads\/2024\/07\/448828100_1013477403986506_5485499292377838785_n-2-705x705.jpg);\"  title=\"Losvika\"  ><\/div><\/div><figcaption class='av-inner-masonry-content site-background'><div class='av-inner-masonry-content-pos'><div class='av-inner-masonry-content-pos-content'><div class='avia-arrow'><\/div><h3 class='av-masonry-entry-title entry-title '  itemprop=\"headline\" >Eth\u00e4n j\u00e4t\u00e4 koiraa yksin l\u00e4mpim\u00e4\u00e4n autoon kuumana kes\u00e4p\u00e4iv\u00e4n\u00e4<\/h3><\/div><\/div><\/figcaption><\/figure><\/a><!--end av-masonry entry--><\/div><\/div><\/p><\/div>\n","protected":false},"excerpt":{"rendered":"","protected":false},"author":1,"featured_media":0,"parent":1855,"menu_order":0,"comment_status":"closed","ping_status":"closed","template":"","meta":{"footnotes":""},"class_list":["post-2483","page","type-page","status-publish","hentry"],"publishpress_future_action":{"enabled":false,"date":"2026-04-23 10:23:15","action":"change-status","newStatus":"draft","terms":[],"taxonomy":"translation_priority","extraData":[]},"publishpress_future_workflow_manual_trigger":{"enabledWorkflows":[]},"_links":{"self":[{"href":"https:\/\/losvika.com\/fi\/wp-json\/wp\/v2\/pages\/2483","targetHints":{"allow":["GET"]}}],"collection":[{"href":"https:\/\/losvika.com\/fi\/wp-json\/wp\/v2\/pages"}],"about":[{"href":"https:\/\/losvika.com\/fi\/wp-json\/wp\/v2\/types\/page"}],"author":[{"embeddable":true,"href":"https:\/\/losvika.com\/fi\/wp-json\/wp\/v2\/users\/1"}],"replies":[{"embeddable":true,"href":"https:\/\/losvika.com\/fi\/wp-json\/wp\/v2\/comments?post=2483"}],"version-history":[{"count":2,"href":"https:\/\/losvika.com\/fi\/wp-json\/wp\/v2\/pages\/2483\/revisions"}],"predecessor-version":[{"id":2485,"href":"https:\/\/losvika.com\/fi\/wp-json\/wp\/v2\/pages\/2483\/revisions\/2485"}],"up":[{"embeddable":true,"href":"https:\/\/losvika.com\/fi\/wp-json\/wp\/v2\/pages\/1855"}],"wp:attachment":[{"href":"https:\/\/losvika.com\/fi\/wp-json\/wp\/v2\/media?parent=2483"}],"curies":[{"name":"wp","href":"https:\/\/api.w.org\/{rel}","templated":true}]}}