{"id":1930,"date":"2022-12-09T10:48:58","date_gmt":"2022-12-09T10:48:58","guid":{"rendered":"https:\/\/losvika.com\/?page_id=1930"},"modified":"2023-04-24T16:58:19","modified_gmt":"2023-04-24T16:58:19","slug":"tietosuoja","status":"publish","type":"page","link":"https:\/\/losvika.com\/fi\/tietosuoja\/","title":{"rendered":"Tietosuoja"},"content":{"rendered":"<section  class='av_textblock_section av-lgv30th5-d5264fefcf0c44e3f7f58a8797e22292'  itemscope=\"itemscope\" itemtype=\"https:\/\/schema.org\/CreativeWork\" ><div class='avia_textblock'  itemprop=\"text\" ><h3><strong>LOSVIKA OY TIETOSUOJAK\u00c4YT\u00c4NT\u00d6<\/strong><\/h3>\n<ol>\n<li><strong>Yleist\u00e4<br \/>\n<\/strong>Kyseinen tietosuojak\u00e4yt\u00e4nt\u00f6 soveltuu kaikkiin Losvika Ab:n k\u00e4sitelt\u00e4viss\u00e4 ja vastuulla oleviin henkil\u00f6tietoihin.<br \/>\nTietosuojak\u00e4yt\u00f6nn\u00f6n tarkoituksena on varmistaa kaikkien Losvika Ab:n k\u00e4sitelt\u00e4viss\u00e4 olevien henkil\u00f6tietojen olevan EU:n tietosuoja-asetuksen (GDPR) (2016\/679) sek\u00e4 kansallisen tietosuojalains\u00e4\u00e4d\u00e4nn\u00f6n mukaisia.<\/li>\n<li><strong>Henkil\u00f6tietovastaava<br \/>\n<\/strong>Losvika Ab (jatkossa Losvika)<br \/>\nIt\u00e4inen Jokitie 217<br \/>\n66900 Uusikaarlepyy<br \/>\nSuomi<\/li>\n<li><strong>Sanasto \u2013 selitys<br \/>\n<\/strong>Rekisterinpit\u00e4j\u00e4 \u2013 Losvika<br \/>\nRekister\u00f6ity \u2013 Henkil\u00f6 jonka tiedot ovat Losvika rekisteriss\u00e4, t\u00e4ss\u00e4: Asiakas<br \/>\nHenkil\u00f6tieto \u2013 Tiedot joista voidaan henkil\u00f6 tunnistaa<br \/>\nPotilas \u2013 El\u00e4in<\/li>\n<li><strong>Losvikalla k\u00e4sitelt\u00e4v\u00e4t henkil\u00f6tiedot<br \/>\n<\/strong>Losvikalla k\u00e4sitell\u00e4\u00e4n henkil\u00f6tietoja kahdessa tarkoituksessa: asiakasrekisterin yll\u00e4pit\u00e4minen Losvikan el\u00e4inklinikoissa sek\u00e4 tilauksien k\u00e4sitteleminen Losvikan verkkokaupassa.<\/li>\n<\/ol>\n<p><strong><br \/>\nLOSVIKAN EL\u00c4INKLINIKAT<\/strong><\/p>\n<p><strong>a) Henkil\u00f6tietojen k\u00e4sittelyn tarkoitus<br \/>\n<\/strong>Henkil\u00f6tietojen k\u00e4sittely perustuu asiakassuhteeseen Losvikan ja asiakkaan v\u00e4lill\u00e4. Henkil\u00f6tiedot ja potilastiedot (mukaan lukien tiedot suoritetuista hoitotoimenpiteist\u00e4 ym.) tallennetaan, jotta yhteydenpito potilaan hoidossa olisi mahdollista sek\u00e4 jotta velvollisuudet voitaisiin t\u00e4ytt\u00e4\u00e4 koskien l\u00e4\u00e4keaineiden k\u00e4ytt\u00f6\u00e4 laissa el\u00e4inten l\u00e4\u00e4kitsemisest\u00e4 (387\/2014).<\/p>\n<p><strong>b) Oikeudellinen perusta henkil\u00f6tietojen k\u00e4sittelylle<br \/>\n<\/strong>Losvikan el\u00e4inklinikoilla on kaksi oikeusperustetta henkil\u00f6tietojen k\u00e4sittelylle; oikeutettu etu (GDPR 6.1.f artikla) joka perustuu Losvikan asiakassuhteeseen sek\u00e4 lakis\u00e4\u00e4teinen velvoite (GDPR 6.1.c artikla) dokumentoida l\u00e4\u00e4keaineiden k\u00e4ytt\u00f6\u00e4.<\/p>\n<p><strong>c) Henkil\u00f6tietojen kategoriat sek\u00e4 tietojen talletusaika<br \/>\n<\/strong>Kaikki henkil\u00f6tiedot Losvikalla k\u00e4sitell\u00e4\u00e4n ja varastoidaan yhdess\u00e4 asiakasrekisteriss\u00e4. Asiakasrekisteri sis\u00e4lt\u00e4\u00e4 seuraavat henkil\u00f6tiedot:<br \/>\n\u2013 Nimi, osoite, puhelinnumero, s\u00e4hk\u00f6postiosoite ja mahdollinen vakuutusyhti\u00f6 sek\u00e4 vakuutusnumero<br \/>\n\u2013 K\u00e4yntihistoria ja muu yhteydenpito, esim. tietoa mist\u00e4 on keskusteltu puhelimitse sek\u00e4 s\u00e4hk\u00f6postitse<\/p>\n<p>L\u00e4\u00e4keaineiden dokumentoinnin toteutuksen vuoksi tallennetaan potilaan tiedot, l\u00e4\u00e4ketieteelliset toimenpiteet, ym. asiakkaan nimell\u00e4 asiakasrekisteriin.<\/p>\n<p>Henkil\u00f6tiedot varastoidaan aktiivisessa asiakasrekisteriss\u00e4 kunnes kaikki henkil\u00f6n nimell\u00e4 rekister\u00f6idyt el\u00e4imet ovat kuolleet. T\u00e4m\u00e4n j\u00e4lkeen asiakkaan henkil\u00f6tiedot siirret\u00e4\u00e4n arkivoituun asiakasrekisteriin jossa tiedot varastoidaan voimassa olevan lain mukaisesti. Voimassa oleva oikeus joka vaikuttaa talletusaikaan on kirjanpitolaki sek\u00e4 laki el\u00e4inten l\u00e4\u00e4kitsemisest\u00e4.<\/p>\n<p><strong>d) Tietol\u00e4hteet<br \/>\n<\/strong>Rekisteritiedot on saatu rekister\u00f6idylt\u00e4.<\/p>\n<p>Perusteet tietojen pyyt\u00e4miselle rekister\u00f6idylt\u00e4 on se, ett\u00e4 tiedot ovat v\u00e4ltt\u00e4m\u00e4tt\u00f6mi\u00e4 Losvikan oikeudellisten velvoitteiden \u2013 l\u00e4\u00e4keaineiden k\u00e4yt\u00f6n dokumentointi sek\u00e4 laillinen intressi pit\u00e4\u00e4 asiakasreikisteri\u00e4 \u2013 t\u00e4ytt\u00e4miseksi. Mik\u00e4li rekister\u00f6ity ei luovuta v\u00e4ltt\u00e4m\u00e4tt\u00f6mi\u00e4 henkil\u00f6tietoja, Losvika ei ota potilasta hoidettavakseen.<\/p>\n<p><strong>e) K\u00e4yt\u00f6ss\u00e4 oleva IT-j\u00e4rjestelm\u00e4 tietojen k\u00e4sittelyss\u00e4<br \/>\n<\/strong>Kaikki henkil\u00f6tiedot tallennetaan Suomalaisessa IT-j\u00e4rjestelm\u00e4ss\u00e4 Provet, joka toimii asiakasrekisterin\u00e4 l\u00e4\u00e4ketieteellisten toimenpiteiden dokumentoinnissa, laskutuksessa, myynniss\u00e4, ajanvarauksessa ja kirjanpidossa.<\/p>\n<p>Seger Marketing Ab Oy \u00a0\u2013 Losvikan kotisivujen toimittaja ja yll\u00e4pit\u00e4j\u00e4<\/p>\n<p><strong>f) Henkil\u00f6tietojen luovutus ja siirto<br \/>\n<\/strong>Henkil\u00f6tietoja ei luovuteta EU:n tai Euroopan talousalueen ulkopuolelle.<\/p>\n<p>Hankkijat joille Losvika luovuttaa henkil\u00f6tietoja:<br \/>\n\u2013 Laboratoriopalvelut: Vetlab, Patovet, Idexx, ELTDKY, Berner, LABOKLIN, Movet<br \/>\n\u2013 Muut palvelut: T\u00e4htip\u00f6ly, OK perint\u00e4<\/p>\n<p>Henkil\u00f6tietoja luovutetaan vakuutusyhti\u00f6ille sek\u00e4 laskutuspalveluille asiakkaan pyynn\u00f6st\u00e4, t\u00e4m\u00e4 perustuu asiakassuhteeseen asiakkaan ja palvelijan v\u00e4lill\u00e4. Losvika ei t\u00e4ten omasta aloitteestaan luovuta tietoja vakuutusyhti\u00f6ille.<\/p>\n<p><strong>LOSVIKA EQUESTRIAN STORE<\/strong><\/p>\n<p><strong>a) Henkil\u00f6tietojen k\u00e4sittelyn tarkoitus<br \/>\n<\/strong>Henkil\u00f6tietojen k\u00e4sittely perustuu asiakassuhteeseen asiakkaan ja Losvikan v\u00e4lill\u00e4.<\/p>\n<p><strong>b) Oikeudellinen perusta henkil\u00f6tietojen k\u00e4sittelylle<br \/>\n<\/strong>Oikeutettu etu (GDPR 6.1.f artikla).<strong>\u00a0<\/strong><\/p>\n<p><strong>c) Henkil\u00f6tietojen kategoriat sek\u00e4 tietojen talletusaika<br \/>\n<\/strong>Henkil\u00f6tiedot k\u00e4sitell\u00e4\u00e4n asiakasrekisteriss\u00e4 joka sis\u00e4lt\u00e4\u00e4 seuraavat tiedot:<br \/>\n\u2013 Nimi, osoite, puhelinnumero, s\u00e4hk\u00f6postiosoite<\/p>\n<p>Henkil\u00f6tiedot tallennetaan viideksi vuodeksi viimeisimm\u00e4n oston j\u00e4lkeiselle ajalle.<\/p>\n<p><strong>d) Tietol\u00e4hteet<br \/>\n<\/strong>Rekisteritiedot on saatu rekister\u00f6idylt\u00e4.<\/p>\n<p>Perusteet tietojen pyyt\u00e4miselle rekister\u00f6idylt\u00e4 on se, ett\u00e4 tiedot ovat v\u00e4ltt\u00e4m\u00e4tt\u00f6mi\u00e4 tilausten k\u00e4sittelylle. Mik\u00e4li rekister\u00f6ity ei luovuta v\u00e4ltt\u00e4m\u00e4tt\u00f6mi\u00e4 henkil\u00f6tietoja, ei asiakas voi tilata tuotteita Losvikan verkkokaupasta.<\/p>\n<p><strong>e) K\u00e4yt\u00f6ss\u00e4 oleva IT-j\u00e4rjestelm\u00e4 tietojen k\u00e4sittelyss\u00e4<br \/>\n<\/strong>Creamarketing Oy Ab \u2013 Losvika Equestrian Store kotisivun toimittaja ja yll\u00e4pit\u00e4j\u00e4.<strong>\u00a0<\/strong><\/p>\n<p><strong>f) Henkil\u00f6tietojen luovutus ja siirto<br \/>\n<\/strong>Henkil\u00f6tietoja ei luovuteta EU:n tai Euroopan talousalueen ulkopuolelle.<\/p>\n<p>Henkil\u00f6tiedot k\u00e4sitell\u00e4\u00e4n verkkokaupan asiakasrekisteriss\u00e4, jonka toimittaa ja yll\u00e4pit\u00e4\u00e4 Creamarketing Oy Ab. Henkil\u00f6tietoja ei luovuteta edelleen.<\/p>\n<p>5.<strong> Henkil\u00f6tietojen k\u00e4sittelyprosessi ja periatteet<br \/>\n<\/strong>Henkil\u00f6tietojen k\u00e4sittely Losvikalla tapahtuu GDPR:n 5. artiklan periaatteiden mukaisesti. Henkil\u00f6tietojen tietosuoja otetaan huomioon koko k\u00e4sittelyajan. Uusien palveluiden, prosessien tai j\u00e4rjestelmien hankinnassa arvioidaan miten tietosuoja voidaan varmistaa. Losvika Ab:lla huomioidaan mahdolliset riskit henkil\u00f6tietojen k\u00e4sittelyss\u00e4, jotta todenn\u00e4k\u00f6isyys tietoturvaloukkaukselle voidaan rajoittaa.<\/p>\n<p>6.<strong> Ev\u00e4steiden k\u00e4ytt\u00f6<br \/>\n<\/strong>Ev\u00e4ste on pieni tekstitiedosto, jonka internet-selain tallentaa k\u00e4ytt\u00e4j\u00e4n laitteelle. K\u00e4ytt\u00e4j\u00e4\u00e4 ei voida tunnistaa pelkkien ev\u00e4steiden avulla. Ev\u00e4steiden k\u00e4ytt\u00f6kohteet ovat analytiikan, markkinoinnin ja viestinn\u00e4n tehostaminen.<\/p>\n<p>Losvika Equestrian Store k\u00e4ytt\u00e4\u00e4 ev\u00e4steit\u00e4 hallinnoimaan ostoskorin tuotteita, sis\u00e4\u00e4nkirjautumista \u201domille sivuille\u201d ja jotta kertan\u00e4ytt\u00f6 toiminnot n\u00e4kyv\u00e4t oikeille k\u00e4ytt\u00e4jille. Sis\u00e4\u00e4nkirjautumistiedot s\u00e4\u00e4styv\u00e4t istuntokohtaiseen ev\u00e4steeseen ja vanhenevat kun suljet internet-selaimesi. Kaupan ev\u00e4steit\u00e4 hallinnoi toimittaja.<\/p>\n<p>7.<strong> Tietosuojan varmistaminen ja ongelmatapahtumien k\u00e4sittely<br \/>\n<\/strong>Losvikan henkil\u00f6kunnalla on perusteellinen tietotaso tietosuojak\u00e4yt\u00e4nn\u00f6st\u00e4, jotta voidaan varmistaa, ett\u00e4 henkil\u00f6tietojen k\u00e4sittely Losvikalla tapahtuu tietosuoja-asetuksen mukaisesti.<\/p>\n<p>Losvika sitoutuu ilmoittamaan tietoturvaloukkauksista vastaavalle viranomaiselle 72 tunnin sis\u00e4ll\u00e4 tapauksen tapahduttua tai tultua ilmi. Mik\u00e4li tapahtuma on vakava\/laaja yksitt\u00e4iselle rekister\u00f6idylle, ilmoitetaan tapahtumasta h\u00e4nelle kohtuullisen ajan sis\u00e4ll\u00e4.<\/p>\n<p>8.<strong> Rekister\u00f6idyn oikeudet<br \/>\n<\/strong>Losvikalla henkil\u00f6tiedot k\u00e4sitell\u00e4\u00e4n oikeutettujen etujen perusteella, joka seuraa siit\u00e4, ett\u00e4 rekister\u00f6ity solmii asiakassuhteen Losvikan kanssa, joko asiakkaana el\u00e4inklinikalla tai asiakkaana Losvikan verkkokaupassa, tai lakis\u00e4\u00e4teisest\u00e4 velvoitteesta dokumentoida l\u00e4\u00e4keaineen k\u00e4ytt\u00f6\u00e4 el\u00e4inten l\u00e4\u00e4kitsemisest\u00e4 annetun lain 72 \u00a7:n mukaisesti.<\/p>\n<p>Alla on luettelo oikeuksista, jotka rekister\u00f6idyll\u00e4 on Losvikan soveltamien k\u00e4sittelyperusteiden mukaisesti:<br \/>\n\u2013 Rekister\u00f6idyll\u00e4 on oikeus saada tietoa k\u00e4sitteleek\u00f6 Losvika h\u00e4nen henkil\u00f6tietojaan ja miten n\u00e4it\u00e4 k\u00e4sitell\u00e4\u00e4n.<br \/>\n\u2013 Rekister\u00f6idyll\u00e4 on oikeus virheellisten tietojen oikaisuun sek\u00e4 vaadittaessa tietojen k\u00e4sittelyn rajoittamiseen siksi ajaksi, kunnes Losvika on tarkistanut tietojen paikkansapit\u00e4vyyden.<br \/>\n\u2013 Rekister\u00f6idyll\u00e4 on oikeus esitt\u00e4\u00e4 v\u00e4itteit\u00e4 koskien henkil\u00f6tietojen k\u00e4sittely\u00e4, joka perustuu oikeutettuun etuun, mik\u00e4li syit\u00e4 on jotka perustuu h\u00e4nen yksitt\u00e4iseen tapaukseen.<br \/>\n\u2013 Rekister\u00f6idyll\u00e4 on oikeus saattaa reklamaatio Tietosuojavaltuutetun toimistolle (www.tietosuoja.fi)<\/p>\n<p>Mik\u00e4li rekister\u00f6ity haluaa k\u00e4ytt\u00e4\u00e4 oikeuksiaan, voi h\u00e4n olla yhteydess\u00e4 Losvikaan s\u00e4hk\u00f6postitse osoitteessa <a href=\"mailto:info@losvika.com\">info@losvika.com<\/a> ja selitt\u00e4\u00e4 mit\u00e4 oikeuksia h\u00e4n haluaa k\u00e4ytt\u00e4\u00e4. Seuraavat toimenpiteet harkitaan t\u00e4m\u00e4n perusteella.<\/p>\n<p>(P\u00e4ivitetty 2.9.2020)<\/p>\n<\/div><\/section>\n","protected":false},"excerpt":{"rendered":"","protected":false},"author":1,"featured_media":0,"parent":0,"menu_order":0,"comment_status":"closed","ping_status":"open","template":"","meta":{"footnotes":""},"class_list":["post-1930","page","type-page","status-publish","hentry"],"publishpress_future_action":{"enabled":false,"date":"2026-04-23 10:17:32","action":"change-status","newStatus":"draft","terms":[],"taxonomy":"translation_priority","extraData":[]},"publishpress_future_workflow_manual_trigger":{"enabledWorkflows":[]},"_links":{"self":[{"href":"https:\/\/losvika.com\/fi\/wp-json\/wp\/v2\/pages\/1930","targetHints":{"allow":["GET"]}}],"collection":[{"href":"https:\/\/losvika.com\/fi\/wp-json\/wp\/v2\/pages"}],"about":[{"href":"https:\/\/losvika.com\/fi\/wp-json\/wp\/v2\/types\/page"}],"author":[{"embeddable":true,"href":"https:\/\/losvika.com\/fi\/wp-json\/wp\/v2\/users\/1"}],"replies":[{"embeddable":true,"href":"https:\/\/losvika.com\/fi\/wp-json\/wp\/v2\/comments?post=1930"}],"version-history":[{"count":2,"href":"https:\/\/losvika.com\/fi\/wp-json\/wp\/v2\/pages\/1930\/revisions"}],"predecessor-version":[{"id":1932,"href":"https:\/\/losvika.com\/fi\/wp-json\/wp\/v2\/pages\/1930\/revisions\/1932"}],"wp:attachment":[{"href":"https:\/\/losvika.com\/fi\/wp-json\/wp\/v2\/media?parent=1930"}],"curies":[{"name":"wp","href":"https:\/\/api.w.org\/{rel}","templated":true}]}}