{"id":1831,"date":"2023-04-12T12:57:49","date_gmt":"2023-04-12T12:57:49","guid":{"rendered":"https:\/\/losvika.com\/?page_id=1831"},"modified":"2023-04-24T16:06:18","modified_gmt":"2023-04-24T16:06:18","slug":"vakuutus","status":"publish","type":"page","link":"https:\/\/losvika.com\/fi\/palvelut\/vakuutus\/","title":{"rendered":"Vakuutus"},"content":{"rendered":"<div class='flex_column av-30eurr-50356959cc3c21a4fa0f0c6be3364333 av_one_full  avia-builder-el-0  avia-builder-el-no-sibling  first flex_column_div '     ><section  class='av_textblock_section av-lgdp4qs5-33314e8157af69d371390e82e17b8cc0'  itemscope=\"itemscope\" itemtype=\"https:\/\/schema.org\/CreativeWork\" ><div class='avia_textblock'  itemprop=\"text\" ><div class=\"tatsu-module tatsu-text-block-wrap tatsu-gdss1nbkgm1hx50w \">\n<div class=\"tatsu-text-inner tatsu-align-center clearfix\">\n<div class=\"tatsu-module tatsu-text-block-wrap tatsu-gdss1nbkgm1hx50w \">\n<div class=\"tatsu-text-inner tatsu-align-center clearfix\">\n<h1>VAKUUTUS<\/h1>\n<\/div>\n<\/div>\n<div class=\"tatsu-module tatsu-text-block-wrap tatsu-gdss1nbkhzcz4hee \">\n<div class=\"tatsu-text-inner tatsu-align-center clearfix\">\n<p>Mik\u00e4li el\u00e4imesi vakuutus on otettu L\u00e4hiTapiolasta, Pohjant\u00e4hdest\u00e4, Agriasta, Ifist\u00e4 tai OP-Pohjolasta maksat el\u00e4inl\u00e4\u00e4k\u00e4rik\u00e4ynnin yhteydess\u00e4 ainoastaan vakuutuksen omavastuuosuuden. Suorakorvauspalvelua varten tarvitsemme kuitenkin vakuutusnumeron, ja siksi on t\u00e4rke\u00e4\u00e4 ottaa se mukaan klinikkak\u00e4ynnille.<\/p>\n<p>Lis\u00e4tietoa suorakorvauksesta l\u00f6yd\u00e4t osoitteist\u00a0<a href=\"http:\/\/www.tapiola.fi\/\"><strong>tapiola.fi<\/strong><\/a>\u00a0,\u00a0<a href=\"http:\/\/www.agria.fi\/\"><strong>agria.fi<\/strong><\/a>,\u00a0<a href=\"https:\/\/www.pohjantahti.fi\/\"><strong>pohjantahti.fi<\/strong><\/a>,\u00a0<strong><a href=\"https:\/\/www.if.fi\/henkiloasiakkaat\">if.fi<\/a>\u00a0<\/strong>ja\u00a0<strong><a href=\"https:\/\/www.op.fi\/pohjolavakuutus\">op.fi<\/a><\/strong>.<\/p>\n<\/div>\n<\/div>\n<\/div>\n<\/div>\n<div class=\"tatsu-module tatsu-text-block-wrap tatsu-gdss1nbkhzcz4hee \"><\/div>\n<\/div><\/section><br \/>\n\n<style type=\"text\/css\" data-created_by=\"avia_inline_auto\" id=\"style-css-av-av_hr-3a876428eececa9d35452247ddb053af\">\n#top .hr.hr-invisible.av-av_hr-3a876428eececa9d35452247ddb053af{\nheight:50px;\n}\n<\/style>\n<div  class='hr av-av_hr-3a876428eececa9d35452247ddb053af hr-invisible  avia-builder-el-2  el_after_av_textblock  el_before_av_image '><span class='hr-inner '><span class=\"hr-inner-style\"><\/span><\/span><\/div><br \/>\n\n<style type=\"text\/css\" data-created_by=\"avia_inline_auto\" id=\"style-css-av-lgdp5fli-1058763d2f98f88b1b48cdc9a6a4aa45\">\n.avia-image-container.av-lgdp5fli-1058763d2f98f88b1b48cdc9a6a4aa45 img.avia_image{\nbox-shadow:none;\n}\n.avia-image-container.av-lgdp5fli-1058763d2f98f88b1b48cdc9a6a4aa45 .av-image-caption-overlay-center{\ncolor:#ffffff;\n}\n<\/style>\n<div  class='avia-image-container av-lgdp5fli-1058763d2f98f88b1b48cdc9a6a4aa45 av-styling- avia-align-center  avia-builder-el-3  el_after_av_hr  el_before_av_hr '   itemprop=\"image\" itemscope=\"itemscope\" itemtype=\"https:\/\/schema.org\/ImageObject\" ><div class=\"avia-image-container-inner\"><div class=\"avia-image-overlay-wrap\"><img decoding=\"async\" class='wp-image-1766 avia-img-lazy-loading-not-1766 avia_image ' src=\"https:\/\/losvika.com\/wp-content\/uploads\/2023\/04\/forsakring2-02.png\" alt='' title='f\u00f6rs\u00e4kring2-02'  height=\"469\" width=\"6622\"  itemprop=\"thumbnailUrl\" srcset=\"https:\/\/losvika.com\/wp-content\/uploads\/2023\/04\/forsakring2-02.png 6622w, https:\/\/losvika.com\/wp-content\/uploads\/2023\/04\/forsakring2-02-300x21.png 300w, https:\/\/losvika.com\/wp-content\/uploads\/2023\/04\/forsakring2-02-1030x73.png 1030w, https:\/\/losvika.com\/wp-content\/uploads\/2023\/04\/forsakring2-02-768x54.png 768w, https:\/\/losvika.com\/wp-content\/uploads\/2023\/04\/forsakring2-02-1536x109.png 1536w, https:\/\/losvika.com\/wp-content\/uploads\/2023\/04\/forsakring2-02-2048x145.png 2048w, https:\/\/losvika.com\/wp-content\/uploads\/2023\/04\/forsakring2-02-1500x106.png 1500w, https:\/\/losvika.com\/wp-content\/uploads\/2023\/04\/forsakring2-02-705x50.png 705w\" sizes=\"(max-width: 6622px) 100vw, 6622px\" \/><\/div><\/div><\/div><br \/>\n\n<style type=\"text\/css\" data-created_by=\"avia_inline_auto\" id=\"style-css-av-lgmfdqf4-938b0c9140715972ebf6140e6bd1aefa\">\n#top .hr.hr-invisible.av-lgmfdqf4-938b0c9140715972ebf6140e6bd1aefa{\nheight:50px;\n}\n<\/style>\n<div  class='hr av-lgmfdqf4-938b0c9140715972ebf6140e6bd1aefa hr-invisible  avia-builder-el-4  el_after_av_image  avia-builder-el-last '><span class='hr-inner '><span class=\"hr-inner-style\"><\/span><\/span><\/div><\/p><\/div>\n","protected":false},"excerpt":{"rendered":"","protected":false},"author":1,"featured_media":0,"parent":1820,"menu_order":0,"comment_status":"closed","ping_status":"closed","template":"","meta":{"footnotes":""},"class_list":["post-1831","page","type-page","status-publish","hentry"],"publishpress_future_action":{"enabled":false,"date":"2026-04-22 19:33:42","action":"change-status","newStatus":"draft","terms":[],"taxonomy":"translation_priority","extraData":[]},"publishpress_future_workflow_manual_trigger":{"enabledWorkflows":[]},"_links":{"self":[{"href":"https:\/\/losvika.com\/fi\/wp-json\/wp\/v2\/pages\/1831","targetHints":{"allow":["GET"]}}],"collection":[{"href":"https:\/\/losvika.com\/fi\/wp-json\/wp\/v2\/pages"}],"about":[{"href":"https:\/\/losvika.com\/fi\/wp-json\/wp\/v2\/types\/page"}],"author":[{"embeddable":true,"href":"https:\/\/losvika.com\/fi\/wp-json\/wp\/v2\/users\/1"}],"replies":[{"embeddable":true,"href":"https:\/\/losvika.com\/fi\/wp-json\/wp\/v2\/comments?post=1831"}],"version-history":[{"count":4,"href":"https:\/\/losvika.com\/fi\/wp-json\/wp\/v2\/pages\/1831\/revisions"}],"predecessor-version":[{"id":1834,"href":"https:\/\/losvika.com\/fi\/wp-json\/wp\/v2\/pages\/1831\/revisions\/1834"}],"up":[{"embeddable":true,"href":"https:\/\/losvika.com\/fi\/wp-json\/wp\/v2\/pages\/1820"}],"wp:attachment":[{"href":"https:\/\/losvika.com\/fi\/wp-json\/wp\/v2\/media?parent=1831"}],"curies":[{"name":"wp","href":"https:\/\/api.w.org\/{rel}","templated":true}]}}